{"id":98,"date":"2024-08-14T13:39:56","date_gmt":"2024-08-14T11:39:56","guid":{"rendered":"https:\/\/hebegestion.fr\/?page_id=98"},"modified":"2024-09-26T10:10:41","modified_gmt":"2024-09-26T08:10:41","slug":"rgpd-modifie","status":"publish","type":"page","link":"https:\/\/hebegestion.fr\/index.php\/rgpd-modifie\/","title":{"rendered":"RGPD"},"content":{"rendered":"\n<p class=\"has-text-align-center\" style=\"font-size:clamp(22.544px, 1.409rem + ((1vw - 3.2px) * 0.881), 37px);\"><strong>Politique de Protection des Donn\u00e9es et de Confidentialit\u00e9<\/strong><\/p>\n\n\n\n<p><\/p>\n\n\n\n<p class=\"has-text-align-center\"><strong>Introduction<\/strong><\/p>\n\n\n\n<p>Dans le cadre de nos activit\u00e9s, nous nous engageons \u00e0 prot\u00e9ger la vie priv\u00e9e de nos clients et \u00e0 assurer la confidentialit\u00e9 de leurs donn\u00e9es personnelles. Cette politique d\u00e9crit nos pratiques concernant la collecte, l&rsquo;utilisation, et la protection des donn\u00e9es personnelles, conform\u00e9ment aux dispositions du R\u00e8glement G\u00e9n\u00e9ral sur la Protection des Donn\u00e9es (RGPD) et de la Loi Informatique et Libert\u00e9s.<\/p>\n\n\n\n<p class=\"has-text-align-center\"><strong>1. Cadre juridique<\/strong><\/p>\n\n\n\n<p>1.1 <strong>R\u00e8glement G\u00e9n\u00e9ral sur la Protection des Donn\u00e9es (RGPD)<\/strong><br>Le RGPD, entr\u00e9 en vigueur le 25 mai 2018, est un texte de loi europ\u00e9en qui r\u00e9git le traitement des donn\u00e9es personnelles des citoyens de l&rsquo;Union Europ\u00e9enne. Il vise \u00e0 garantir un niveau \u00e9lev\u00e9 de protection des donn\u00e9es et \u00e0 renforcer les droits des individus.<\/p>\n\n\n\n<p class=\"has-foreground-color has-text-color has-link-color wp-elements-5ba95391f53113d88f553a214d0a8701\">1.2 <strong>Loi Informatique et Libert\u00e9s<\/strong><br>La loi n\u00b0 78-17 du 6 janvier 1978, modifi\u00e9e par la loi n\u00b0 2018-493 du 20 juin 2018, est la l\u00e9gislation fran\u00e7aise qui compl\u00e8te le RGPD. Elle encadre le traitement des donn\u00e9es personnelles en France et \u00e9tablit des droits pour les personnes concern\u00e9es.<\/p>\n\n\n\n<p class=\"has-text-align-center\"><strong>2. Collecte des donn\u00e9es personnelles<\/strong><\/p>\n\n\n\n<p>Nous collectons des donn\u00e9es personnelles lorsque vous utilisez nos services. Ces donn\u00e9es peuvent inclure :<\/p>\n\n\n\n<ul class=\"wp-block-list has-foreground-color has-text-color has-link-color wp-elements-66bbb391cde297005a58dd252955f89b\">\n<li>Nom et pr\u00e9nom<\/li>\n\n\n\n<li>Adresse<\/li>\n\n\n\n<li>Num\u00e9ro de t\u00e9l\u00e9phone<\/li>\n\n\n\n<li>Adresse e-mail<\/li>\n\n\n\n<li>Informations n\u00e9cessaires \u00e0 la r\u00e9alisation des prestations de service<\/li>\n<\/ul>\n\n\n\n<p class=\"has-text-align-center\"><strong>3. Finalit\u00e9s du traitement des donn\u00e9es<\/strong><\/p>\n\n\n\n<p>Les donn\u00e9es personnelles collect\u00e9es sont utilis\u00e9es pour les finalit\u00e9s suivantes :<\/p>\n\n\n\n<ul class=\"wp-block-list has-foreground-color has-text-color has-link-color wp-elements-548528c1a425b93167c3241cfdeb61fd\">\n<li>Gestion de la relation client<\/li>\n\n\n\n<li>Ex\u00e9cution des prestations de service<\/li>\n\n\n\n<li>Facturation et suivi des paiements<\/li>\n\n\n\n<li>Envoi d&rsquo;informations et de communications relatives aux services<\/li>\n\n\n\n<li>Respect des obligations l\u00e9gales et r\u00e9glementaires<\/li>\n<\/ul>\n\n\n\n<p class=\"has-text-align-center\"><strong>4. Droits des personnes concern\u00e9es<\/strong><\/p>\n\n\n\n<p>Conform\u00e9ment aux articles 15 \u00e0 22 du RGPD, vous disposez des droits suivants :<\/p>\n\n\n\n<ul class=\"wp-block-list has-foreground-color has-text-color has-link-color wp-elements-efdd9f35b6bb361a5e8ea8610edbf543\">\n<li><strong>Droit d&rsquo;acc\u00e8s<\/strong> : Vous pouvez demander une copie des donn\u00e9es personnelles que nous d\u00e9tenons \u00e0 votre sujet.<\/li>\n\n\n\n<li><strong>Droit de rectification<\/strong> : Vous avez le droit de demander la correction de donn\u00e9es inexactes ou incompl\u00e8tes.<\/li>\n\n\n\n<li><strong>Droit \u00e0 l&rsquo;effacement<\/strong> : Vous pouvez demander la suppression de vos donn\u00e9es personnelles sous certaines conditions.<\/li>\n\n\n\n<li><strong>Droit d&rsquo;opposition<\/strong> : Vous pouvez vous opposer au traitement de vos donn\u00e9es pour des raisons li\u00e9es \u00e0 votre situation particuli\u00e8re.<\/li>\n<\/ul>\n\n\n\n<p class=\"has-foreground-color has-text-color has-link-color wp-elements-af36949ff382dac8eeed847dc012ebfa\">Pour exercer vos droits, veuillez nous contacter \u00e0 l&rsquo;adresse suivante : <a href=\"mailto:contact@hebegestion.fr\">contact@hebegestion.fr<\/a><\/p>\n\n\n\n<p class=\"has-text-align-center\"><strong>5. S\u00e9curit\u00e9 des donn\u00e9es<\/strong><\/p>\n\n\n\n<p>Nous mettons en \u0153uvre des mesures techniques et organisationnelles appropri\u00e9es pour garantir la s\u00e9curit\u00e9 de vos donn\u00e9es personnelles. Cela inclut des contr\u00f4les d&rsquo;acc\u00e8s, des syst\u00e8mes de s\u00e9curit\u00e9, et des protocoles de chiffrement.<\/p>\n\n\n\n<p class=\"has-text-align-center\"><strong>6. Dur\u00e9e de conservation des donn\u00e9es<\/strong><\/p>\n\n\n\n<p>Vos donn\u00e9es personnelles sont conserv\u00e9es pendant la dur\u00e9e n\u00e9cessaire \u00e0 l&rsquo;accomplissement des finalit\u00e9s pour lesquelles elles ont \u00e9t\u00e9 collect\u00e9es, dans le respect des obligations l\u00e9gales et r\u00e9glementaires.<\/p>\n\n\n\n<p class=\"has-text-align-center\"><strong>7. Transmission des donn\u00e9es<\/strong><\/p>\n\n\n\n<p>Vos donn\u00e9es personnelles ne seront pas transmises \u00e0 des tiers sans votre consentement, sauf si la loi l&rsquo;exige ou si cela est n\u00e9cessaire \u00e0 l&rsquo;ex\u00e9cution de nos services.<\/p>\n\n\n\n<p class=\"has-text-align-center\"><strong>8. Modifications de la politique de confidentialit\u00e9<\/strong><\/p>\n\n\n\n<p>Nous nous r\u00e9servons le droit de modifier cette politique \u00e0 tout moment. Les modifications seront publi\u00e9es sur notre site web et entreront en vigueur d\u00e8s leur publication.<\/p>\n\n\n\n<p class=\"has-text-align-center\"><strong>9. Contact<\/strong><\/p>\n\n\n\n<p>Pour toute question concernant cette politique ou vos donn\u00e9es personnelles, vous pouvez nous contacter \u00e0 :<br>H\u00e9b\u00e9 SAS<\/p>\n\n\n\n<p class=\"has-foreground-color has-text-color has-link-color wp-elements-b4fc22a87b6415295babb8439649c9bc\"><strong>Adresse<\/strong><\/p>\n\n\n\n<p><strong><br>T\u00e9l\u00e9phone<\/strong><\/p>\n\n\n\n<p><\/p>\n\n\n\n<p class=\"has-foreground-color has-text-color has-link-color wp-elements-c9837905a0469885daac17df25ff2177\"><strong><br><\/strong><a href=\"mailto:contact@hebegestion.fr\">contact@hebegestion.fr<\/a><\/p>\n\n\n\n<p><\/p>\n\n\n\n<p><\/p>\n","protected":false},"excerpt":{"rendered":"<p>Politique de Protection des Donn\u00e9es et de Confidentialit\u00e9 Introduction Dans le cadre de nos activit\u00e9s, nous nous engageons \u00e0 prot\u00e9ger la vie priv\u00e9e de nos clients et \u00e0 assurer la confidentialit\u00e9 de leurs donn\u00e9es personnelles. Cette politique d\u00e9crit nos pratiques concernant la collecte, l&rsquo;utilisation, et la protection des donn\u00e9es personnelles, conform\u00e9ment aux dispositions du R\u00e8glement&#8230;<\/p>\n","protected":false},"author":1,"featured_media":0,"parent":0,"menu_order":1,"comment_status":"closed","ping_status":"closed","template":"","meta":{"content-type":"","footnotes":""},"class_list":["post-98","page","type-page","status-publish","hentry"],"_links":{"self":[{"href":"https:\/\/hebegestion.fr\/index.php\/wp-json\/wp\/v2\/pages\/98","targetHints":{"allow":["GET"]}}],"collection":[{"href":"https:\/\/hebegestion.fr\/index.php\/wp-json\/wp\/v2\/pages"}],"about":[{"href":"https:\/\/hebegestion.fr\/index.php\/wp-json\/wp\/v2\/types\/page"}],"author":[{"embeddable":true,"href":"https:\/\/hebegestion.fr\/index.php\/wp-json\/wp\/v2\/users\/1"}],"replies":[{"embeddable":true,"href":"https:\/\/hebegestion.fr\/index.php\/wp-json\/wp\/v2\/comments?post=98"}],"version-history":[{"count":8,"href":"https:\/\/hebegestion.fr\/index.php\/wp-json\/wp\/v2\/pages\/98\/revisions"}],"predecessor-version":[{"id":674,"href":"https:\/\/hebegestion.fr\/index.php\/wp-json\/wp\/v2\/pages\/98\/revisions\/674"}],"wp:attachment":[{"href":"https:\/\/hebegestion.fr\/index.php\/wp-json\/wp\/v2\/media?parent=98"}],"curies":[{"name":"wp","href":"https:\/\/api.w.org\/{rel}","templated":true}]}}