{"id":681,"date":"2024-11-15T11:08:06","date_gmt":"2024-11-15T10:08:06","guid":{"rendered":"https:\/\/hebegestion.fr\/?page_id=681"},"modified":"2025-02-12T18:49:01","modified_gmt":"2025-02-12T17:49:01","slug":"le-credit-dimpots","status":"publish","type":"page","link":"https:\/\/hebegestion.fr\/index.php\/le-credit-dimpots\/","title":{"rendered":"Cr\u00e9dit d&rsquo;imp\u00f4t et Avance Imm\u00e9diate"},"content":{"rendered":"\n<div class=\"wp-block-group is-content-justification-center is-nowrap is-layout-flex wp-container-core-group-is-layout-23441af8 wp-block-group-is-layout-flex\" style=\"line-height:1\">\n<figure class=\"wp-block-image size-large is-resized\"><img fetchpriority=\"high\" decoding=\"async\" width=\"1024\" height=\"851\" src=\"https:\/\/hebegestion.fr\/wp-content\/uploads\/2024\/11\/Traceur_SAP_buro_rvb_png-1-1024x851.png\" alt=\"\" class=\"wp-image-702\" style=\"width:356px;height:auto\" srcset=\"https:\/\/hebegestion.fr\/wp-content\/uploads\/2024\/11\/Traceur_SAP_buro_rvb_png-1-1024x851.png 1024w, https:\/\/hebegestion.fr\/wp-content\/uploads\/2024\/11\/Traceur_SAP_buro_rvb_png-1-300x249.png 300w, https:\/\/hebegestion.fr\/wp-content\/uploads\/2024\/11\/Traceur_SAP_buro_rvb_png-1-768x638.png 768w, https:\/\/hebegestion.fr\/wp-content\/uploads\/2024\/11\/Traceur_SAP_buro_rvb_png-1-1536x1277.png 1536w, https:\/\/hebegestion.fr\/wp-content\/uploads\/2024\/11\/Traceur_SAP_buro_rvb_png-1.png 1570w\" sizes=\"(max-width: 1024px) 100vw, 1024px\" \/><\/figure>\n\n\n\n<p class=\"has-text-align-center has-text-color has-link-color has-medium-font-size wp-elements-0d44f6ab5c676282a021f0e39369b3cc\" style=\"color:#000000d1\"><em>H\u00e9b\u00e9 est une soci\u00e9t\u00e9 agr\u00e9\u00e9e Services \u00e0 la personne \u00e9ligible au cr\u00e9dit d\u2019imp\u00f4t <\/em><\/p>\n<\/div>\n\n\n\n<div class=\"wp-block-group has-text-color has-link-color wp-elements-f07252d7a7431fd56ae0a645fe28f1e7 is-layout-constrained wp-container-core-group-is-layout-7bcabc6a wp-block-group-is-layout-constrained\" style=\"color:#000000d1;margin-top:0;margin-bottom:0;padding-right:0;padding-left:0\">\n<p class=\"has-text-align-center has-text-color has-link-color has-medium-font-size wp-elements-b37b830af4ec2819987e2f6f59e6eb25\" style=\"color:#000000d1;text-decoration:underline\">Le Cr\u00e9dit d&rsquo;Imp\u00f4t<\/p>\n\n\n\n<p class=\"has-text-color has-link-color wp-elements-a987fde6d4612acd756a4c7ebc719265\" style=\"color:#000000d1\">Le cr\u00e9dit d\u2019imp\u00f4t pour l\u2019aide \u00e0 la personne est un dispositif fiscal en France, mis en place par l&rsquo;Urssaf et la Direction g\u00e9n\u00e9rale des Finances publiques, qui vise \u00e0 all\u00e9ger les co\u00fbts support\u00e9s par les m\u00e9nages ayant recours \u00e0 des services d\u2019aide \u00e0 domicile. Il permet aux contribuables de d\u00e9duire une partie des d\u00e9penses li\u00e9es \u00e0 certains services de leur imp\u00f4t sur le revenu, voire de recevoir un remboursement partiel s\u2019ils ne sont pas imposables.<\/p>\n\n\n\n<p class=\"has-text-color has-link-color wp-elements-dfd771ba2a7d38dc5a0b75ca65c2e641\" style=\"color:#000000d1\">Voici comment il fonctionne :<\/p>\n\n\n\n<p class=\"has-text-color has-link-color wp-elements-c43af78eb4f00d37c1f43180e472fdee\" style=\"color:#000000d1\"><strong>Services \u00e9ligibles<\/strong><\/p>\n\n\n\n<p class=\"has-text-color has-link-color wp-elements-f602f2ca483285bbb45ccd2893053aa3\" style=\"color:#000000d1\">Ce cr\u00e9dit d\u2019imp\u00f4t couvre plusieurs types de services rendus \u00e0 domicile, dont :<\/p>\n\n\n\n<ul style=\"color:#000000d1\" class=\"wp-block-list has-text-color has-link-color wp-elements-d83dee3a166741579412fed7547cfe91\">\n<li class=\"has-text-color has-link-color wp-elements-fad9128a9715ed42598c8f1885cef799\" style=\"color:#000000d1\">l\u2019aide aux personnes \u00e2g\u00e9es ou handicap\u00e9es (toilette, accompagnement, repas, etc.),<\/li>\n\n\n\n<li class=\"has-text-color has-link-color wp-elements-5e80b68999ea92365e6874a3bedd85a6\" style=\"color:#000000d1\">les services de m\u00e9nage, de repassage et d\u2019entretien courant de la maison,<\/li>\n\n\n\n<li class=\"has-text-color has-link-color wp-elements-314edd3e145fb45322be01e2bf1d56d5\" style=\"color:#000000d1\">l\u2019assistance informatique et administrative,<\/li>\n\n\n\n<li class=\"has-text-color has-link-color wp-elements-04312becc320194e80653c76f16fd733\" style=\"color:#000000d1\">la garde d\u2019enfants de moins de 6 ans,<\/li>\n\n\n\n<li class=\"has-text-color has-link-color wp-elements-55a69cf1d34b91bc30fe58599d1c058d\" style=\"color:#000000d1\">d\u2019autres activit\u00e9s comme le jardinage ou le bricolage (sous certaines limites de montant).<\/li>\n<\/ul>\n\n\n\n<p class=\"has-text-color has-link-color wp-elements-1736d790f7f340e2b5df617faee36306\" style=\"color:#000000d1\"><strong>Montant du cr\u00e9dit d\u2019imp\u00f4t<\/strong><\/p>\n\n\n\n<p class=\"has-text-color has-link-color wp-elements-669e3cc7d7a842a885d665e428014e0d\" style=\"color:#000000d1\">Le cr\u00e9dit d\u2019imp\u00f4t pour l\u2019aide \u00e0 la personne est \u00e9gal \u00e0&nbsp;<strong>50 % des d\u00e9penses engag\u00e9es<\/strong>&nbsp;dans l\u2019ann\u00e9e pour ces services, avec des plafonds variables selon le type de service et la situation du b\u00e9n\u00e9ficiaire :<\/p>\n\n\n\n<ul style=\"color:#000000d1\" class=\"wp-block-list has-text-color has-link-color wp-elements-adf3157eeec4b7263743db9d70b7311f\">\n<li class=\"has-text-color has-link-color wp-elements-a5357dbc459e6522d7f80ab1eaddfc8f\" style=\"color:#000000d1\">Le plafond annuel est g\u00e9n\u00e9ralement de&nbsp;<strong>12 000 \u20ac<\/strong>&nbsp;de d\u00e9penses, soit un cr\u00e9dit d\u2019imp\u00f4t maximal de 6 000 \u20ac. Ce plafond peut \u00eatre major\u00e9 dans certaines situations : familles avec enfants \u00e0 charge, personnes \u00e2g\u00e9es, ou membres du foyer fiscal en situation de handicap.<\/li>\n\n\n\n<li class=\"has-text-color has-link-color wp-elements-db10f1f5228701078d4d1368a8f8d694\" style=\"color:#000000d1\">Les d\u00e9penses pour les petits travaux de jardinage sont plafonn\u00e9es \u00e0 5 000 \u20ac par an et \u00e0 500 \u20ac pour le bricolage.<\/li>\n<\/ul>\n\n\n\n<p class=\"has-text-color has-link-color wp-elements-235845e777bc465e5cb5dc1a0f3fccfd\" style=\"color:#000000d1\"><strong>B\u00e9n\u00e9ficiaires du dispositif<\/strong><\/p>\n\n\n\n<p class=\"has-text-color has-link-color wp-elements-bc1aed888e1e598f27b9dad99474a78c\" style=\"color:#000000d1\">Le cr\u00e9dit d\u2019imp\u00f4t est ouvert \u00e0 toute personne domicili\u00e9e en France, qu\u2019elle soit propri\u00e9taire, locataire, ou occupante \u00e0 titre gratuit de son domicile, et ce, qu\u2019elle soit imposable ou non. Ce dispositif b\u00e9n\u00e9ficie donc aussi bien aux contribuables imposables, qui voient leur imp\u00f4t r\u00e9duit, qu\u2019aux non-imposables, qui re\u00e7oivent un remboursement de la part du Tr\u00e9sor Public.<\/p>\n\n\n\n<p class=\"has-text-color has-link-color wp-elements-039dad721c86fee9e8c0ebe3d5592aab\" style=\"color:#000000d1\"><strong>Modalit\u00e9s de d\u00e9claration<\/strong><\/p>\n\n\n\n<p class=\"has-text-color has-link-color wp-elements-3c737a2e167ebe5c167968807ad99ed6\" style=\"color:#000000d1\">Pour b\u00e9n\u00e9ficier du cr\u00e9dit d\u2019imp\u00f4t, les d\u00e9penses doivent \u00eatre d\u00e9clar\u00e9es lors de la d\u00e9claration annuelle des revenus. Les contribuables doivent conserver les justificatifs des prestataires de services, comme les factures ou les attestations fiscales fournies par les organismes agr\u00e9\u00e9s, en cas de contr\u00f4le de l\u2019administration fiscale.<\/p>\n\n\n\n<p class=\"has-text-color has-link-color wp-elements-3822014db02f50623b4e9ee032a74132\" style=\"color:#000000d1\"><strong>Versement sous forme d\u2019avance imm\u00e9diate<\/strong><\/p>\n\n\n\n<p class=\"has-text-color has-link-color wp-elements-f5ac2cdd3cdd57e6a92e35ef89166708\" style=\"color:#000000d1\">Depuis 2022, le dispositif d\u2019avance imm\u00e9diate du cr\u00e9dit d\u2019imp\u00f4t permet aux b\u00e9n\u00e9ficiaires de r\u00e9duire le montant \u00e0 payer directement d\u00e8s la facturation, rendant ce cr\u00e9dit d\u2019imp\u00f4t plus accessible tout au long de l\u2019ann\u00e9e sans attendre la d\u00e9claration de revenus.<\/p>\n\n\n\n<p class=\"has-text-color has-link-color wp-elements-8190a5585a6d08b17c3e242b4f1e89ce\" style=\"color:#000000d1\"><strong>Exemple de calcul :<\/strong><\/p>\n\n\n\n<p class=\"has-text-color has-link-color wp-elements-7fd68750a609b31f334bcf8e371d4140\" style=\"color:#000000d1\">Si un m\u00e9nage engage 4 000 \u20ac de frais d\u2019aide \u00e0 domicile pour une personne \u00e2g\u00e9e dans l\u2019ann\u00e9e, le cr\u00e9dit d\u2019imp\u00f4t sera de 50 % de 4 000 \u20ac, soit&nbsp;<strong>2 000 \u20ac<\/strong>. Ce montant sera d\u00e9duit de leur imp\u00f4t, ou vers\u00e9 s\u2019ils ne sont pas imposables.<\/p>\n\n\n\n<p class=\"has-text-align-center has-text-color has-link-color has-medium-font-size wp-elements-02e02fc013b033b4db8a92d8dc3e3e68\" style=\"color:#000000d1;text-decoration:underline\">L\u2019Avance Imm\u00e9diate<\/p>\n\n\n\n<p class=\"has-text-color has-link-color wp-elements-c1af5b02af3e4d21ac1bbed8bd8df207\" style=\"color:#000000d1\">L&rsquo;avance imm\u00e9diate de l&rsquo;URSSAF est un m\u00e9canisme permettant aux particuliers de b\u00e9n\u00e9ficier d\u2019un cr\u00e9dit d\u2019imp\u00f4t imm\u00e9diat pour le financement des prestations de services \u00e0 la personne. Il s&rsquo;agit d&rsquo;un dispositif mis en place pour simplifier l\u2019acc\u00e8s aux services \u00e0 la personne et all\u00e9ger les d\u00e9marches administratives pour les particuliers employeurs.<\/p>\n\n\n\n<p class=\"has-text-color has-link-color wp-elements-4a13bb07fb53de5a17ff09ff01956799\" style=\"color:#000000d1\"><strong>Principe :<\/strong><\/p>\n\n\n\n<p class=\"has-text-color has-link-color wp-elements-5e393336cc71bb3cad71eea8bcdfe22e\" style=\"color:#000000d1\">L&rsquo;<strong>avance imm\u00e9diate<\/strong> permet d&rsquo;obtenir directement le cr\u00e9dit d\u2019imp\u00f4t \u00e0 la source, lors du paiement de la facture, plut\u00f4t que d&rsquo;attendre la d\u00e9claration fiscale annuelle.<\/p>\n\n\n\n<p class=\"has-text-color has-link-color wp-elements-164c5403d31d69a18681bef57ac054a0\" style=\"color:#000000d1\"><strong>Fonctionnement :<\/strong><\/p>\n\n\n\n<ul style=\"color:#000000d1\" class=\"wp-block-list has-text-color has-link-color wp-elements-ebdaee91b8db8d9acc96c225212292da\">\n<li><strong>L\u2019URSSAF<\/strong> (ou un organisme agr\u00e9\u00e9) se charge de l\u2019avance imm\u00e9diate du cr\u00e9dit d\u2019imp\u00f4t. Cela signifie que, au moment du paiement de la prestation de service, l\u2019URSSAF applique imm\u00e9diatement la r\u00e9duction fiscale sur le montant de la facture.<\/li>\n\n\n\n<li>Le particulier n&rsquo;a donc pas \u00e0 avancer la totalit\u00e9 du montant. Il paye directement la somme apr\u00e8s la r\u00e9duction fiscale (par exemple, une prestation de 100\u20ac avec 50% de r\u00e9duction sera r\u00e9gl\u00e9e pour 50\u20ac).<\/li>\n<\/ul>\n\n\n\n<p class=\"has-text-color has-link-color wp-elements-373d55c684fbc6bf706ab2b3db7d8681\" style=\"color:#000000d1\"><strong>Objectifs du dispositif :<\/strong><\/p>\n\n\n\n<ol start=\"1\" class=\"wp-block-list\">\n<li class=\"has-text-color has-link-color wp-elements-4bdb74001d1aab7fa3c8baaed88cea33\" style=\"color:#000000d1\"><strong>Simplification administrative<\/strong> : L&rsquo;avance imm\u00e9diate permet de r\u00e9duire les d\u00e9marches fiscales, car l&#8217;employeur particulier n&rsquo;a plus \u00e0 attendre sa d\u00e9claration d&rsquo;imp\u00f4t pour r\u00e9cup\u00e9rer le cr\u00e9dit d\u2019imp\u00f4t.<\/li>\n\n\n\n<li class=\"has-text-color has-link-color wp-elements-da248a04956bd34737d285911ca000a1\" style=\"color:#000000d1\"><strong>Am\u00e9lioration de l\u2019acc\u00e8s aux services<\/strong> : En all\u00e9geant la charge imm\u00e9diate, le dispositif encourage l\u2019utilisation de services \u00e0 la personne, notamment pour les familles, les personnes \u00e2g\u00e9es, ou les personnes handicap\u00e9es.<\/li>\n\n\n\n<li class=\"has-text-color has-link-color wp-elements-f483347dc5feb7992d542f182380858a\" style=\"color:#000000d1\"><strong>Lutte contre le travail dissimul\u00e9<\/strong> : En passant par des organismes agr\u00e9\u00e9s comme l&rsquo;URSSAF, le particulier employeur s\u2019assure que la prestation est d\u00e9clar\u00e9e, ce qui r\u00e9duit les risques de fraude.<\/li>\n<\/ol>\n\n\n\n<p class=\"has-text-color has-link-color wp-elements-b6b31326ea2d059330978ecb61f50ffa\" style=\"color:#000000d1\"><strong>Conditions d\u2019\u00e9ligibilit\u00e9 :<\/strong><\/p>\n\n\n\n<ul class=\"wp-block-list\">\n<li class=\"has-text-color has-link-color wp-elements-b40d11fbc800bd244c8a3c5f9ab88fd1\" style=\"color:#000000d1\">Le particulier doit utiliser un prestataire de services agr\u00e9\u00e9, ce qui permet d\u2019appliquer l\u2019avance imm\u00e9diate.<\/li>\n\n\n\n<li class=\"has-text-color has-link-color wp-elements-aa5318fbd1597258fb60d2a31664d185\" style=\"color:#000000d1\">Les services doivent \u00eatre effectu\u00e9s dans des domaines sp\u00e9cifiques (aide \u00e0 domicile, m\u00e9nage, garde d&rsquo;enfants, etc.).<\/li>\n\n\n\n<li class=\"has-text-color has-link-color wp-elements-a6c8488dd520f068ea3cfb7578b0d011\" style=\"color:#000000d1\">Le cr\u00e9dit d\u2019imp\u00f4t est limit\u00e9 \u00e0 un plafond annuel de d\u00e9penses, en fonction du type de services fournis.<\/li>\n<\/ul>\n\n\n\n<p class=\"has-text-color has-link-color wp-elements-cd8cbd839b8bbda673de15eacb822fd2\" style=\"color:#000000d1\">En r\u00e9sum\u00e9, l\u2019avance imm\u00e9diate de l&rsquo;URSSAF pour les services \u00e0 la personne vise \u00e0 faciliter l\u2019acc\u00e8s \u00e0 ces prestations en r\u00e9duisant la charge financi\u00e8re imm\u00e9diate, tout en garantissant la conformit\u00e9 fiscale et en simplifiant les d\u00e9marches administratives.<\/p>\n\n\n\n<p class=\"has-text-color has-link-color wp-elements-525b6d632be7838b23d5bf633208f673\" style=\"color:#000000d1\">Le service d\u2019Avance Imm\u00e9diate est optionnel, gratuit et vous sera propos\u00e9 par nos agents d\u00e8s votre premi\u00e8re souscription.<\/p>\n\n\n\n<figure class=\"wp-block-image size-large\"><img decoding=\"async\" width=\"1024\" height=\"538\" src=\"https:\/\/hebegestion.fr\/wp-content\/uploads\/2024\/11\/image-1024x538.png\" alt=\"\" class=\"wp-image-706\" srcset=\"https:\/\/hebegestion.fr\/wp-content\/uploads\/2024\/11\/image-1024x538.png 1024w, https:\/\/hebegestion.fr\/wp-content\/uploads\/2024\/11\/image-300x158.png 300w, https:\/\/hebegestion.fr\/wp-content\/uploads\/2024\/11\/image-768x403.png 768w, https:\/\/hebegestion.fr\/wp-content\/uploads\/2024\/11\/image.png 1459w\" sizes=\"(max-width: 1024px) 100vw, 1024px\" \/><\/figure>\n\n\n\n<p class=\"has-text-align-center has-text-color has-link-color wp-elements-ff2fdb5f6d1ed9e0b1d941e968cdc5bf\" style=\"color:#000000d1\">En cas de question, n\u2019h\u00e9sitez pas \u00e0 contacter H\u00e9b\u00e9 qui reste votre interlocuteur.<\/p>\n\n\n\n<p class=\"has-text-align-center has-text-color has-link-color wp-elements-72716cf196a656324614c5239a007045\" style=\"color:#000000d1\">Pour plus d\u2019informations sur le syst\u00e8me d\u2019Avance Imm\u00e9diate, rendez-vous sur <\/p>\n\n\n\n<p class=\"has-text-align-center\" style=\"text-decoration:underline\"><a href=\"https:\/\/www.impots.gouv.fr\/portail\/particulier\/emploi-domicile\">https:\/\/www.impots.gouv.fr\/portail\/particulier\/emploi-domicile<\/a><\/p>\n<\/div>\n","protected":false},"excerpt":{"rendered":"<p>H\u00e9b\u00e9 est une soci\u00e9t\u00e9 agr\u00e9\u00e9e Services \u00e0 la personne \u00e9ligible au cr\u00e9dit d\u2019imp\u00f4t Le Cr\u00e9dit d&rsquo;Imp\u00f4t Le cr\u00e9dit d\u2019imp\u00f4t pour l\u2019aide \u00e0 la personne est un dispositif fiscal en France, mis en place par l&rsquo;Urssaf et la Direction g\u00e9n\u00e9rale des Finances publiques, qui vise \u00e0 all\u00e9ger les co\u00fbts support\u00e9s par les m\u00e9nages ayant recours \u00e0&#8230;<\/p>\n","protected":false},"author":1,"featured_media":0,"parent":0,"menu_order":0,"comment_status":"closed","ping_status":"closed","template":"","meta":{"content-type":"","footnotes":""},"class_list":["post-681","page","type-page","status-publish","hentry"],"_links":{"self":[{"href":"https:\/\/hebegestion.fr\/index.php\/wp-json\/wp\/v2\/pages\/681","targetHints":{"allow":["GET"]}}],"collection":[{"href":"https:\/\/hebegestion.fr\/index.php\/wp-json\/wp\/v2\/pages"}],"about":[{"href":"https:\/\/hebegestion.fr\/index.php\/wp-json\/wp\/v2\/types\/page"}],"author":[{"embeddable":true,"href":"https:\/\/hebegestion.fr\/index.php\/wp-json\/wp\/v2\/users\/1"}],"replies":[{"embeddable":true,"href":"https:\/\/hebegestion.fr\/index.php\/wp-json\/wp\/v2\/comments?post=681"}],"version-history":[{"count":20,"href":"https:\/\/hebegestion.fr\/index.php\/wp-json\/wp\/v2\/pages\/681\/revisions"}],"predecessor-version":[{"id":756,"href":"https:\/\/hebegestion.fr\/index.php\/wp-json\/wp\/v2\/pages\/681\/revisions\/756"}],"wp:attachment":[{"href":"https:\/\/hebegestion.fr\/index.php\/wp-json\/wp\/v2\/media?parent=681"}],"curies":[{"name":"wp","href":"https:\/\/api.w.org\/{rel}","templated":true}]}}