{"id":593,"date":"2024-09-02T14:09:41","date_gmt":"2024-09-02T12:09:41","guid":{"rendered":"https:\/\/hebegestion.fr\/?page_id=593"},"modified":"2025-12-08T15:23:06","modified_gmt":"2025-12-08T14:23:06","slug":"tarifs-et-abonnements","status":"publish","type":"page","link":"https:\/\/hebegestion.fr\/index.php\/tarifs-et-abonnements\/","title":{"rendered":"Tarifs et abonnements"},"content":{"rendered":"\n<p><\/p>\n\n\n\n<p>Nous avons \u00e0 c\u0153ur de vous proposer des prestations de qualit\u00e9, au prix le plus juste. Les tarifs ci-dessous sont indicatifs, mais chaque projet \u00e9tant unique, ils peuvent \u00e9voluer en fonction de vos besoins sp\u00e9cifiques. N\u2019h\u00e9sitez pas \u00e0 nous contacter : nous serons ravis d\u2019\u00e9changer avec vous et de vous proposer un devis sur mesure.<\/p>\n\n\n\n<p><\/p>\n\n\n\n<p><\/p>\n\n\n\n<p><\/p>\n\n\n\n<div class=\"wp-block-group millipede-hover-box has-background is-layout-constrained wp-container-core-group-is-layout-048c331a wp-block-group-is-layout-constrained\" style=\"border-radius:20px;background-color:#f0f0eb;padding-top:45px;padding-right:40px;padding-bottom:45px;padding-left:40px\">\n<figure class=\"wp-block-image aligncenter size-full is-resized\"><img fetchpriority=\"high\" decoding=\"async\" width=\"512\" height=\"512\" src=\"https:\/\/hebegestion.fr\/wp-content\/uploads\/2024\/08\/service-premium.png\" alt=\"\" class=\"wp-image-289\" style=\"width:78px;height:auto\" srcset=\"https:\/\/hebegestion.fr\/wp-content\/uploads\/2024\/08\/service-premium.png 512w, https:\/\/hebegestion.fr\/wp-content\/uploads\/2024\/08\/service-premium-300x300.png 300w, https:\/\/hebegestion.fr\/wp-content\/uploads\/2024\/08\/service-premium-150x150.png 150w\" sizes=\"(max-width: 512px) 100vw, 512px\" \/><\/figure>\n\n\n\n<h2 class=\"wp-block-heading has-text-align-center\" style=\"margin-top:24px;font-size:clamp(15.747px, 0.984rem + ((1vw - 3.2px) * 0.503), 24px);\">Formule S\u00e9r\u00e9nit\u00e9 199<strong>\u20ac<\/strong>*<\/h2>\n\n\n\n<p class=\"has-text-align-center\">Pour une gestion totale, assur\u00e9e et paisible, sans tracas<br><br><\/p>\n\n\n\n<p class=\"has-text-align-left has-normal-font-size\"><em>Votre offre comprend<\/em><\/p>\n\n\n\n<ul class=\"wp-block-list has-dark-color-color has-text-color has-link-color wp-elements-0ab8c666ffb49aa02ec338f9d86c1224\">\n<li class=\"has-normal-font-size\">Premi\u00e8re visite \u00e0 domicile incluse<\/li>\n\n\n\n<li class=\"has-normal-font-size\">R\u00e9f\u00e9rencement de vos espaces en ligne<\/li>\n\n\n\n<li class=\"has-normal-font-size\">Carnet de bord personnel inclus<\/li>\n\n\n\n<li class=\"has-normal-font-size\">Outil de partage d&rsquo;\u00e9cran \u00e0 la demande<\/li>\n\n\n\n<li class=\"has-normal-font-size\">Avantages client s\u00e9r\u00e9nit\u00e9 <\/li>\n<\/ul>\n\n\n\n<p class=\"has-transparent-color has-text-color has-link-color wp-elements-2d803f9ab63ced995327eedc01a0a60a\">.<\/p>\n\n\n\n<p class=\"has-normal-font-size\" style=\"margin-top:0;margin-bottom:0\"><em>Nous vous offrons pendant un an <\/em><\/p>\n\n\n\n<ul class=\"wp-block-list has-dark-color-color has-text-color has-link-color wp-elements-6ee921aab54197564488a9b6f8518e78\">\n<li class=\"has-normal-font-size\">Assistance t\u00e9l\u00e9phonique illimit\u00e9e<\/li>\n\n\n\n<li class=\"has-normal-font-size\">Assistance dans vos d\u00e9marches administratives<\/li>\n\n\n\n<li class=\"has-normal-font-size\">Prise de rendez-vous m\u00e9dicaux<\/li>\n<\/ul>\n\n\n\n<div class=\"wp-block-buttons is-content-justification-center is-layout-flex wp-container-core-buttons-is-layout-62a3d07c wp-block-buttons-is-layout-flex\" style=\"margin-top:var(--wp--preset--spacing--60)\">\n<div class=\"wp-block-button abonnements\"><a class=\"wp-block-button__link wp-element-button\" style=\"border-style:none;border-width:0px;border-radius:100px\">D\u00e9tails de l&rsquo;offre<\/a><\/div>\n<\/div>\n\n\n\n<div class=\"wp-block-columns is-layout-flex wp-container-core-columns-is-layout-28f84493 wp-block-columns-is-layout-flex\">\n<div class=\"wp-block-column is-layout-flow wp-block-column-is-layout-flow\"><\/div>\n<\/div>\n<\/div>\n\n\n\n<p class=\"has-transparent-color has-text-color has-link-color wp-elements-c236860d1a27cd38a9b78b8423bfca7a\" style=\"margin-top:var(--wp--preset--spacing--70);margin-bottom:var(--wp--preset--spacing--70)\">.<\/p>\n\n\n\n<p><\/p>\n\n\n\n<p class=\"has-medium-font-size\" style=\"margin-top:0;margin-bottom:0\"><strong>Nos services et prestations<\/strong><\/p>\n\n\n\n<div class=\"wp-block-columns is-layout-flex wp-container-core-columns-is-layout-28f84493 wp-block-columns-is-layout-flex\">\n<div class=\"wp-block-column has-background is-layout-flow wp-block-column-is-layout-flow\" style=\"background-color:#f0f0eb;padding-top:var(--wp--preset--spacing--80);padding-right:var(--wp--preset--spacing--30);padding-bottom:var(--wp--preset--spacing--80);padding-left:var(--wp--preset--spacing--30)\">\n<figure class=\"wp-block-image aligncenter size-full is-resized\"><img decoding=\"async\" width=\"512\" height=\"512\" src=\"https:\/\/hebegestion.fr\/wp-content\/uploads\/2024\/08\/formalites-administratives.png\" alt=\"\" class=\"wp-image-341\" style=\"width:66px\" srcset=\"https:\/\/hebegestion.fr\/wp-content\/uploads\/2024\/08\/formalites-administratives.png 512w, https:\/\/hebegestion.fr\/wp-content\/uploads\/2024\/08\/formalites-administratives-300x300.png 300w, https:\/\/hebegestion.fr\/wp-content\/uploads\/2024\/08\/formalites-administratives-150x150.png 150w\" sizes=\"(max-width: 512px) 100vw, 512px\" \/><\/figure>\n\n\n\n<h2 class=\"wp-block-heading has-text-align-center\" style=\"margin-top:24px;font-size:clamp(15.747px, 0.984rem + ((1vw - 3.2px) * 0.503), 24px);\">Assistance administrative 19<strong>\u20ac<\/strong><\/h2>\n\n\n\n<p class=\"has-text-align-center\">Besoin d&rsquo;aide pour une d\u00e9marche ? <br><br><\/p>\n\n\n\n<p class=\"has-text-align-center has-normal-font-size\"><\/p>\n\n\n\n<ul class=\"wp-block-list has-dark-color-color has-text-color has-link-color wp-elements-ea25e136d603d8450469167252097304\">\n<li class=\"has-normal-font-size\">Assistance dans la pr\u00e9-demande en ligne<\/li>\n\n\n\n<li class=\"has-normal-font-size\">Assistance pour remplir le dossier et\/ou CERFA<\/li>\n\n\n\n<li class=\"has-normal-font-size\">Liste exhaustive des pi\u00e8ces \u00e0 joindre<\/li>\n\n\n\n<li class=\"has-normal-font-size\">Accompagnement jusqu&rsquo;\u00e0 l&rsquo;aboutissement de la demande<\/li>\n<\/ul>\n\n\n\n<p><\/p>\n\n\n\n<p class=\"has-text-align-center\">Assistance \u00e0 domicile 39\u20ac*<\/p>\n<\/div>\n\n\n\n<div class=\"wp-block-column has-background is-layout-flow wp-block-column-is-layout-flow\" style=\"border-style:none;border-width:0px;background-color:#f0f0eb;padding-top:var(--wp--preset--spacing--80);padding-right:var(--wp--preset--spacing--30);padding-bottom:var(--wp--preset--spacing--80);padding-left:var(--wp--preset--spacing--30)\">\n<figure class=\"wp-block-image aligncenter size-full is-resized\"><img decoding=\"async\" width=\"512\" height=\"512\" src=\"https:\/\/hebegestion.fr\/wp-content\/uploads\/2024\/08\/demenagement-1.png\" alt=\"\" class=\"wp-image-343\" style=\"width:66px\" srcset=\"https:\/\/hebegestion.fr\/wp-content\/uploads\/2024\/08\/demenagement-1.png 512w, https:\/\/hebegestion.fr\/wp-content\/uploads\/2024\/08\/demenagement-1-300x300.png 300w, https:\/\/hebegestion.fr\/wp-content\/uploads\/2024\/08\/demenagement-1-150x150.png 150w\" sizes=\"(max-width: 512px) 100vw, 512px\" \/><\/figure>\n\n\n\n<h2 class=\"wp-block-heading has-text-align-center\" style=\"margin-top:24px;font-size:clamp(15.747px, 0.984rem + ((1vw - 3.2px) * 0.503), 24px);\">Emm\u00e9nagement 74\u20ac<\/h2>\n\n\n\n<p class=\"has-text-align-center\">Parce qu&#8217;emm\u00e9nager ou d\u00e9m\u00e9nager n&rsquo;est pas si simple, nous vous accompagnons dans cette \u00e9tape importante.<br><br><\/p>\n\n\n\n<p><\/p>\n\n\n\n<ul class=\"wp-block-list has-dark-color-color has-text-color has-link-color wp-elements-07d57b935f07ae4041baba83a6448b83\">\n<li class=\"has-normal-font-size\">Changements d&rsquo;adresse<\/li>\n\n\n\n<li class=\"has-normal-font-size\">Souscription de contrats \u00e9nergie<\/li>\n\n\n\n<li class=\"has-normal-font-size\">Souscription de contrat internet<\/li>\n\n\n\n<li class=\"has-normal-font-size\">R\u00e9siliation ou migration de vos anciens contrats<\/li>\n<\/ul>\n<\/div>\n<\/div>\n\n\n\n<div class=\"wp-block-columns is-layout-flex wp-container-core-columns-is-layout-28f84493 wp-block-columns-is-layout-flex\">\n<div class=\"wp-block-column has-background is-layout-flow wp-block-column-is-layout-flow\" style=\"background-color:#f0f0eb;padding-top:var(--wp--preset--spacing--80);padding-right:var(--wp--preset--spacing--30);padding-bottom:var(--wp--preset--spacing--80);padding-left:var(--wp--preset--spacing--30)\">\n<figure class=\"wp-block-image aligncenter size-full is-resized\"><img loading=\"lazy\" decoding=\"async\" width=\"512\" height=\"512\" src=\"https:\/\/hebegestion.fr\/wp-content\/uploads\/2025\/02\/30-days.png\" alt=\"\" class=\"wp-image-753\" style=\"width:66px\" srcset=\"https:\/\/hebegestion.fr\/wp-content\/uploads\/2025\/02\/30-days.png 512w, https:\/\/hebegestion.fr\/wp-content\/uploads\/2025\/02\/30-days-300x300.png 300w, https:\/\/hebegestion.fr\/wp-content\/uploads\/2025\/02\/30-days-150x150.png 150w\" sizes=\"(max-width: 512px) 100vw, 512px\" \/><\/figure>\n\n\n\n<h2 class=\"wp-block-heading has-text-align-center\" style=\"margin-top:24px;font-size:clamp(15.747px, 0.984rem + ((1vw - 3.2px) * 0.503), 24px);\">Abonnement 32\u20ac\/mois<\/h2>\n\n\n\n<p class=\"has-text-align-center\">L&rsquo;assistance illimit\u00e9e sans surco\u00fbt<\/p>\n\n\n\n<p class=\"has-normal-font-size\"><\/p>\n\n\n\n<ul class=\"wp-block-list has-dark-color-color has-text-color has-link-color wp-elements-d10697f1d6264d7cab11cef08fb3a40c\">\n<li class=\"has-normal-font-size\">Assistance administrative illimit\u00e9e<\/li>\n\n\n\n<li class=\"has-normal-font-size\">Assistance num\u00e9rique illimit\u00e9e<\/li>\n\n\n\n<li class=\"has-normal-font-size\">Prise et suivi de rdv m\u00e9dicaux <\/li>\n\n\n\n<li class=\"has-normal-font-size\">Et bien plus encore<\/li>\n<\/ul>\n<\/div>\n\n\n\n<div class=\"wp-block-column has-background is-layout-flow wp-block-column-is-layout-flow\" style=\"background-color:#f0f0eb;padding-top:var(--wp--preset--spacing--80);padding-right:var(--wp--preset--spacing--30);padding-bottom:var(--wp--preset--spacing--80);padding-left:var(--wp--preset--spacing--30)\">\n<figure class=\"wp-block-image aligncenter size-full is-resized\"><img loading=\"lazy\" decoding=\"async\" width=\"512\" height=\"512\" src=\"https:\/\/hebegestion.fr\/wp-content\/uploads\/2024\/09\/voyage.png\" alt=\"\" class=\"wp-image-633\" style=\"width:66px\" srcset=\"https:\/\/hebegestion.fr\/wp-content\/uploads\/2024\/09\/voyage.png 512w, https:\/\/hebegestion.fr\/wp-content\/uploads\/2024\/09\/voyage-300x300.png 300w, https:\/\/hebegestion.fr\/wp-content\/uploads\/2024\/09\/voyage-150x150.png 150w\" sizes=\"(max-width: 512px) 100vw, 512px\" \/><\/figure>\n\n\n\n<h2 class=\"wp-block-heading has-text-align-center\" style=\"margin-top:24px;font-size:clamp(15.747px, 0.984rem + ((1vw - 3.2px) * 0.503), 24px);\">Vos d\u00e9placements<\/h2>\n\n\n\n<p class=\"has-text-align-center\">Besoin d&rsquo;aide pour organiser un d\u00e9placement ? <br><\/p>\n\n\n\n<ul class=\"wp-block-list has-dark-color-color has-text-color has-link-color wp-elements-db5a21d81593b1b41a797648e52e46c4\">\n<li class=\"has-normal-font-size\">Billets d&rsquo;avion<\/li>\n\n\n\n<li class=\"has-normal-font-size\">Billets de train<\/li>\n\n\n\n<li class=\"has-normal-font-size\">H\u00f4tels<\/li>\n\n\n\n<li class=\"has-normal-font-size\">Activit\u00e9s<\/li>\n\n\n\n<li class=\"has-normal-font-size\">Et plus encore<\/li>\n<\/ul>\n\n\n\n<p class=\"has-text-align-center\">Parlez-nous de votre projet et nous vous proposerons un devis sur mesure<\/p>\n<\/div>\n<\/div>\n\n\n\n<p class=\"has-medium-font-size\"><\/p>\n\n\n\n<div class=\"wp-block-columns is-layout-flex wp-container-core-columns-is-layout-28f84493 wp-block-columns-is-layout-flex\">\n<div class=\"wp-block-column has-background is-layout-flow wp-block-column-is-layout-flow\" style=\"background-color:#f0f0eb;padding-top:var(--wp--preset--spacing--80);padding-right:var(--wp--preset--spacing--30);padding-bottom:var(--wp--preset--spacing--80);padding-left:var(--wp--preset--spacing--30)\">\n<figure class=\"wp-block-image aligncenter size-full is-resized\"><img loading=\"lazy\" decoding=\"async\" width=\"512\" height=\"512\" src=\"https:\/\/hebegestion.fr\/wp-content\/uploads\/2024\/09\/equipe-medicale.png\" alt=\"\" class=\"wp-image-599\" style=\"width:66px\" srcset=\"https:\/\/hebegestion.fr\/wp-content\/uploads\/2024\/09\/equipe-medicale.png 512w, https:\/\/hebegestion.fr\/wp-content\/uploads\/2024\/09\/equipe-medicale-300x300.png 300w, https:\/\/hebegestion.fr\/wp-content\/uploads\/2024\/09\/equipe-medicale-150x150.png 150w\" sizes=\"(max-width: 512px) 100vw, 512px\" \/><\/figure>\n\n\n\n<h2 class=\"wp-block-heading has-text-align-center\" style=\"margin-top:24px;font-size:clamp(15.747px, 0.984rem + ((1vw - 3.2px) * 0.503), 24px);\">Prise de rdv m\u00e9dical 9<strong>\u20ac<\/strong><\/h2>\n\n\n\n<p class=\"has-text-align-center\">Un examen \u00e0 passer ? Un sp\u00e9cialiste \u00e0 consulter ? <br><br><\/p>\n\n\n\n<p class=\"has-text-align-center has-normal-font-size\">Il suffit de nous appeler et nous trouverons un praticien proche de chez vous dans les meilleurs d\u00e9lais <\/p>\n<\/div>\n\n\n\n<div class=\"wp-block-column has-background is-layout-flow wp-block-column-is-layout-flow\" style=\"background-color:#f0f0eb;padding-top:var(--wp--preset--spacing--80);padding-right:var(--wp--preset--spacing--30);padding-bottom:var(--wp--preset--spacing--80);padding-left:var(--wp--preset--spacing--30)\">\n<figure class=\"wp-block-image aligncenter size-full is-resized\"><img loading=\"lazy\" decoding=\"async\" width=\"512\" height=\"512\" src=\"https:\/\/hebegestion.fr\/wp-content\/uploads\/2024\/09\/contrat.png\" alt=\"\" class=\"wp-image-600\" style=\"width:66px\" srcset=\"https:\/\/hebegestion.fr\/wp-content\/uploads\/2024\/09\/contrat.png 512w, https:\/\/hebegestion.fr\/wp-content\/uploads\/2024\/09\/contrat-300x300.png 300w, https:\/\/hebegestion.fr\/wp-content\/uploads\/2024\/09\/contrat-150x150.png 150w\" sizes=\"(max-width: 512px) 100vw, 512px\" \/><\/figure>\n\n\n\n<h2 class=\"wp-block-heading has-text-align-center\" style=\"margin-top:24px;font-size:clamp(15.747px, 0.984rem + ((1vw - 3.2px) * 0.503), 24px);\">Souscription en ligne 19<strong>\u20ac<\/strong><\/h2>\n\n\n\n<p class=\"has-text-align-center has-small-font-size\">Envie de profiter des tarifs internet sans stress ? <br><\/p>\n\n\n\n<p class=\"has-text-align-center has-normal-font-size\">Nous comparons avec vous pour trouver l&rsquo;offre qui vous convient le mieux et vous accompagnons lors de la proc\u00e9dure d&rsquo;inscription jusqu&rsquo;\u00e0 l&rsquo;aboutissement de la proc\u00e9dure<\/p>\n\n\n\n<p class=\"has-text-align-center has-normal-font-size\">Assistance \u00e0 domicile 39\u20ac*<\/p>\n<\/div>\n<\/div>\n\n\n\n<div class=\"wp-block-columns is-layout-flex wp-container-core-columns-is-layout-28f84493 wp-block-columns-is-layout-flex\">\n<div class=\"wp-block-column has-background is-layout-flow wp-block-column-is-layout-flow\" style=\"background-color:#f0f0eb;padding-top:var(--wp--preset--spacing--80);padding-right:var(--wp--preset--spacing--30);padding-bottom:var(--wp--preset--spacing--80);padding-left:var(--wp--preset--spacing--30)\">\n<figure class=\"wp-block-image aligncenter size-full is-resized\"><img loading=\"lazy\" decoding=\"async\" width=\"512\" height=\"512\" src=\"https:\/\/hebegestion.fr\/wp-content\/uploads\/2024\/09\/symbole-de-conception-reactive.png\" alt=\"\" class=\"wp-image-598\" style=\"width:66px\" srcset=\"https:\/\/hebegestion.fr\/wp-content\/uploads\/2024\/09\/symbole-de-conception-reactive.png 512w, https:\/\/hebegestion.fr\/wp-content\/uploads\/2024\/09\/symbole-de-conception-reactive-300x300.png 300w, https:\/\/hebegestion.fr\/wp-content\/uploads\/2024\/09\/symbole-de-conception-reactive-150x150.png 150w\" sizes=\"(max-width: 512px) 100vw, 512px\" \/><\/figure>\n\n\n\n<h2 class=\"wp-block-heading has-text-align-center\" style=\"margin-top:24px;font-size:clamp(15.747px, 0.984rem + ((1vw - 3.2px) * 0.503), 24px);\">Assistance num\u00e9rique 24<strong>\u20ac<\/strong><\/h2>\n\n\n\n<p class=\"has-text-align-center\">Besoin d&rsquo;aide dans vos espaces en ligne ? <br><br><\/p>\n\n\n\n<p class=\"has-text-align-center has-normal-font-size\">Assistance t\u00e9l\u00e9phonique avec possibilit\u00e9 d&rsquo;installer un outil de partage d&rsquo;\u00e9cran pour faciliter la proc\u00e9dure <\/p>\n\n\n\n<p><\/p>\n\n\n\n<p class=\"has-text-align-center has-normal-font-size\">Assistance \u00e0 domicile 39\u20ac*<\/p>\n<\/div>\n\n\n\n<div class=\"wp-block-column has-background is-layout-flow wp-block-column-is-layout-flow\" style=\"background-color:#f0f0eb;padding-top:var(--wp--preset--spacing--80);padding-right:var(--wp--preset--spacing--30);padding-bottom:var(--wp--preset--spacing--80);padding-left:var(--wp--preset--spacing--30)\">\n<figure class=\"wp-block-image aligncenter size-full is-resized\"><img loading=\"lazy\" decoding=\"async\" width=\"512\" height=\"512\" src=\"https:\/\/hebegestion.fr\/wp-content\/uploads\/2024\/08\/prototype.png\" alt=\"\" class=\"wp-image-321\" style=\"width:66px\" srcset=\"https:\/\/hebegestion.fr\/wp-content\/uploads\/2024\/08\/prototype.png 512w, https:\/\/hebegestion.fr\/wp-content\/uploads\/2024\/08\/prototype-300x300.png 300w, https:\/\/hebegestion.fr\/wp-content\/uploads\/2024\/08\/prototype-150x150.png 150w\" sizes=\"(max-width: 512px) 100vw, 512px\" \/><\/figure>\n\n\n\n<h2 class=\"wp-block-heading has-text-align-center\" style=\"margin-top:24px;font-size:clamp(15.747px, 0.984rem + ((1vw - 3.2px) * 0.503), 24px);\">Offre sur mesure<\/h2>\n\n\n\n<p class=\"has-text-align-center has-normal-font-size\">L&rsquo;offre adapt\u00e9e \u00e0 vos besoins ! Faites-nous part de vos attentes et nous vous proposerons un devis personnalis\u00e9 !<\/p>\n<\/div>\n<\/div>\n\n\n\n<div class=\"wp-block-columns is-layout-flex wp-container-core-columns-is-layout-6c0f09fc wp-block-columns-is-layout-flex\" style=\"margin-top:var(--wp--preset--spacing--80);margin-bottom:var(--wp--preset--spacing--80)\">\n<div class=\"wp-block-column is-layout-flow wp-block-column-is-layout-flow\" style=\"flex-basis:100%\">\n<div class=\"wp-block-buttons is-content-justification-center is-layout-flex wp-container-core-buttons-is-layout-a89b3969 wp-block-buttons-is-layout-flex\">\n<div class=\"wp-block-button\"><a class=\"wp-block-button__link wp-element-button\" href=\"https:\/\/hebegestion.fr\/index.php\/contact-2\/\" style=\"border-radius:100px\">Nous contacter<\/a><\/div>\n<\/div>\n<\/div>\n<\/div>\n\n\n\n<p style=\"margin-top:var(--wp--preset--spacing--80);margin-bottom:var(--wp--preset--spacing--80)\">*Tarif apr\u00e8s cr\u00e9dit d\u2019imp\u00f4t de 50%. Cette d\u00e9duction fiscale est valable sur les services effectu\u00e9s dans le cadre d\u2019un d\u00e9placement \u00e0 domicile. La prestation ne comprend pas les \u00e9ventuels frais inh\u00e9rents \u00e0 la proc\u00e9dure tel que les timbres fiscaux etc.<\/p>\n\n\n\n<p><br>Si vous souhaitez b\u00e9n\u00e9ficier de l\u2019avance imm\u00e9diate de la d\u00e9duction d\u2019imp\u00f4t, merci de nous le pr\u00e9ciser lors de votre souscription. Ce service vous sera propos\u00e9 par nos agents.<\/p>\n\n\n\n<p><\/p>\n\n\n\n<p class=\"has-foreground-color has-text-color has-link-color wp-elements-41393ff61f5161ab95343751eb76b4d3\"><strong>Les d\u00e9placements \u00e0 domicile<\/strong> se font essentiellement dans les Alpes-Maritimes. Pour d\u2019autres d\u00e9partements, merci de<em>&nbsp;<\/em>nous contacter pour obtenir un devis.<br>Des frais de d\u00e9placement peuvent s\u2019ajouter selon les cas, si vous \u00eates concern\u00e9s ces frais vous seront indiqu\u00e9s au moment de la prise de rendez-vous.<\/p>\n\n\n\n<p><\/p>\n","protected":false},"excerpt":{"rendered":"<p>Nous avons \u00e0 c\u0153ur de vous proposer des prestations de qualit\u00e9, au prix le plus juste. Les tarifs ci-dessous sont indicatifs, mais chaque projet \u00e9tant unique, ils peuvent \u00e9voluer en fonction de vos besoins sp\u00e9cifiques. N\u2019h\u00e9sitez pas \u00e0 nous contacter : nous serons ravis d\u2019\u00e9changer avec vous et de vous proposer un devis sur mesure&#8230;.<\/p>\n","protected":false},"author":1,"featured_media":0,"parent":0,"menu_order":0,"comment_status":"closed","ping_status":"closed","template":"","meta":{"content-type":"","footnotes":""},"class_list":["post-593","page","type-page","status-publish","hentry"],"_links":{"self":[{"href":"https:\/\/hebegestion.fr\/index.php\/wp-json\/wp\/v2\/pages\/593","targetHints":{"allow":["GET"]}}],"collection":[{"href":"https:\/\/hebegestion.fr\/index.php\/wp-json\/wp\/v2\/pages"}],"about":[{"href":"https:\/\/hebegestion.fr\/index.php\/wp-json\/wp\/v2\/types\/page"}],"author":[{"embeddable":true,"href":"https:\/\/hebegestion.fr\/index.php\/wp-json\/wp\/v2\/users\/1"}],"replies":[{"embeddable":true,"href":"https:\/\/hebegestion.fr\/index.php\/wp-json\/wp\/v2\/comments?post=593"}],"version-history":[{"count":67,"href":"https:\/\/hebegestion.fr\/index.php\/wp-json\/wp\/v2\/pages\/593\/revisions"}],"predecessor-version":[{"id":766,"href":"https:\/\/hebegestion.fr\/index.php\/wp-json\/wp\/v2\/pages\/593\/revisions\/766"}],"wp:attachment":[{"href":"https:\/\/hebegestion.fr\/index.php\/wp-json\/wp\/v2\/media?parent=593"}],"curies":[{"name":"wp","href":"https:\/\/api.w.org\/{rel}","templated":true}]}}