{"id":210,"date":"2024-08-20T17:22:03","date_gmt":"2024-08-20T15:22:03","guid":{"rendered":"https:\/\/hebegestion.fr\/?page_id=210"},"modified":"2024-11-29T13:43:15","modified_gmt":"2024-11-29T12:43:15","slug":"contact-2","status":"publish","type":"page","link":"https:\/\/hebegestion.fr\/index.php\/contact-2\/","title":{"rendered":"Contact"},"content":{"rendered":"\n<figure class=\"wp-block-image aligncenter size-full\"><img fetchpriority=\"high\" decoding=\"async\" width=\"424\" height=\"283\" src=\"https:\/\/hebegestion.fr\/wp-content\/uploads\/2024\/08\/contact.jpg\" alt=\"\" class=\"wp-image-316\" srcset=\"https:\/\/hebegestion.fr\/wp-content\/uploads\/2024\/08\/contact.jpg 424w, https:\/\/hebegestion.fr\/wp-content\/uploads\/2024\/08\/contact-300x200.jpg 300w\" sizes=\"(max-width: 424px) 100vw, 424px\" \/><\/figure>\n\n\n\n<p class=\"has-text-align-center has-medium-font-size\">Une question ? Un devis ? Vous souhaitez souscrire \u00e0 une de nos offres ? Contactez-nous !<\/p>\n\n\n\n<p><\/p>\n\n\n\n<div class=\"wp-block-buttons is-content-justification-center is-layout-flex wp-container-core-buttons-is-layout-84cf7f1f wp-block-buttons-is-layout-flex\" style=\"margin-top:0;margin-bottom:0\">\n<div class=\"wp-block-button contact\"><a class=\"wp-block-button__link has-text-align-center wp-element-button\" style=\"border-radius:100px\">\u00catre rappel\u00e9<\/a><\/div>\n<\/div>\n\n\n\n<div class=\"wp-block-group millipede-hover-box has-background is-content-justification-center is-layout-constrained wp-container-core-group-is-layout-c6098bc6 wp-block-group-is-layout-constrained\" style=\"border-radius:20px;background-color:#ecece4;padding-top:40px;padding-right:40px;padding-bottom:40px;padding-left:40px\">\n<figure class=\"wp-block-image aligncenter size-full is-resized\"><img decoding=\"async\" width=\"512\" height=\"512\" src=\"https:\/\/hebegestion.fr\/wp-content\/uploads\/2024\/08\/email.png\" alt=\"\" class=\"wp-image-325\" style=\"width:90px;height:auto\" srcset=\"https:\/\/hebegestion.fr\/wp-content\/uploads\/2024\/08\/email.png 512w, https:\/\/hebegestion.fr\/wp-content\/uploads\/2024\/08\/email-300x300.png 300w, https:\/\/hebegestion.fr\/wp-content\/uploads\/2024\/08\/email-150x150.png 150w\" sizes=\"(max-width: 512px) 100vw, 512px\" \/><\/figure>\n\n\n\n<h2 class=\"wp-block-heading has-text-align-center\" style=\"margin-top:24px;font-size:clamp(15.747px, 0.984rem + ((1vw - 3.2px) * 0.503), 24px);\">Par mail<\/h2>\n\n\n\n<p class=\"has-text-align-center has-foreground-color has-text-color has-link-color wp-elements-49f6977582e290f82e301b51ab212a2a\"><a href=\"mailto:contact@hebegestion.fr\">contact@hebegestion.fr<\/a><\/p>\n<\/div>\n\n\n\n<div class=\"wp-block-group millipede-hover-box has-background is-content-justification-center is-layout-constrained wp-container-core-group-is-layout-c6098bc6 wp-block-group-is-layout-constrained\" style=\"border-radius:20px;background-color:#ecece4;padding-top:40px;padding-right:40px;padding-bottom:40px;padding-left:40px\">\n<figure class=\"wp-block-image aligncenter size-full is-resized\"><img decoding=\"async\" width=\"512\" height=\"512\" src=\"https:\/\/hebegestion.fr\/wp-content\/uploads\/2024\/08\/appel.png\" alt=\"\" class=\"wp-image-327\" style=\"width:66px\" srcset=\"https:\/\/hebegestion.fr\/wp-content\/uploads\/2024\/08\/appel.png 512w, https:\/\/hebegestion.fr\/wp-content\/uploads\/2024\/08\/appel-300x300.png 300w, https:\/\/hebegestion.fr\/wp-content\/uploads\/2024\/08\/appel-150x150.png 150w\" sizes=\"(max-width: 512px) 100vw, 512px\" \/><\/figure>\n\n\n\n<h2 class=\"wp-block-heading has-text-align-center\" style=\"margin-top:24px;font-size:clamp(15.747px, 0.984rem + ((1vw - 3.2px) * 0.503), 24px);\">Par t\u00e9l\u00e9phone<\/h2>\n\n\n\n<p class=\"has-text-align-center has-normal-font-size\">04 83 93 49 80<\/p>\n<\/div>\n\n\n\n<div class=\"wp-block-group millipede-hover-box has-background is-content-justification-center is-layout-constrained wp-container-core-group-is-layout-c6098bc6 wp-block-group-is-layout-constrained\" style=\"border-radius:20px;background-color:#ecece4;padding-top:40px;padding-right:40px;padding-bottom:40px;padding-left:40px\">\n<figure class=\"wp-block-image aligncenter size-full is-resized\"><img loading=\"lazy\" decoding=\"async\" width=\"512\" height=\"512\" src=\"https:\/\/hebegestion.fr\/wp-content\/uploads\/2024\/08\/accueil.png\" alt=\"\" class=\"wp-image-82\" style=\"width:66px\" srcset=\"https:\/\/hebegestion.fr\/wp-content\/uploads\/2024\/08\/accueil.png 512w, https:\/\/hebegestion.fr\/wp-content\/uploads\/2024\/08\/accueil-300x300.png 300w, https:\/\/hebegestion.fr\/wp-content\/uploads\/2024\/08\/accueil-150x150.png 150w\" sizes=\"(max-width: 512px) 100vw, 512px\" \/><\/figure>\n\n\n\n<h2 class=\"wp-block-heading has-text-align-center\" style=\"margin-top:24px;font-size:clamp(15.747px, 0.984rem + ((1vw - 3.2px) * 0.503), 24px);\">En agence<\/h2>\n\n\n\n<p class=\"has-text-align-center has-normal-font-size\">Ouverture prochaine de notre agence \u00e0 Nice<\/p>\n<\/div>\n","protected":false},"excerpt":{"rendered":"<p>Une question ? Un devis ? Vous souhaitez souscrire \u00e0 une de nos offres ? Contactez-nous ! Par mail contact@hebegestion.fr Par t\u00e9l\u00e9phone 04 83 93 49 80 En agence Ouverture prochaine de notre agence \u00e0 Nice<\/p>\n","protected":false},"author":1,"featured_media":0,"parent":0,"menu_order":0,"comment_status":"closed","ping_status":"closed","template":"blank","meta":{"content-type":"","footnotes":""},"class_list":["post-210","page","type-page","status-publish","hentry"],"_links":{"self":[{"href":"https:\/\/hebegestion.fr\/index.php\/wp-json\/wp\/v2\/pages\/210","targetHints":{"allow":["GET"]}}],"collection":[{"href":"https:\/\/hebegestion.fr\/index.php\/wp-json\/wp\/v2\/pages"}],"about":[{"href":"https:\/\/hebegestion.fr\/index.php\/wp-json\/wp\/v2\/types\/page"}],"author":[{"embeddable":true,"href":"https:\/\/hebegestion.fr\/index.php\/wp-json\/wp\/v2\/users\/1"}],"replies":[{"embeddable":true,"href":"https:\/\/hebegestion.fr\/index.php\/wp-json\/wp\/v2\/comments?post=210"}],"version-history":[{"count":22,"href":"https:\/\/hebegestion.fr\/index.php\/wp-json\/wp\/v2\/pages\/210\/revisions"}],"predecessor-version":[{"id":737,"href":"https:\/\/hebegestion.fr\/index.php\/wp-json\/wp\/v2\/pages\/210\/revisions\/737"}],"wp:attachment":[{"href":"https:\/\/hebegestion.fr\/index.php\/wp-json\/wp\/v2\/media?parent=210"}],"curies":[{"name":"wp","href":"https:\/\/api.w.org\/{rel}","templated":true}]}}