{"id":164,"date":"2024-08-20T12:41:42","date_gmt":"2024-08-20T10:41:42","guid":{"rendered":"https:\/\/hebegestion.fr\/?page_id=164"},"modified":"2024-11-29T14:26:13","modified_gmt":"2024-11-29T13:26:13","slug":"mention-legales","status":"publish","type":"page","link":"https:\/\/hebegestion.fr\/index.php\/mention-legales\/","title":{"rendered":"Mentions l\u00e9gales"},"content":{"rendered":"\n<p><\/p>\n\n\n\n<p class=\"has-small-font-size\"><\/p>\n\n\n\n<p class=\"has-normal-font-size\"><strong>Le site hebegestion est h\u00e9berg\u00e9 par OVHCloud<\/strong><\/p>\n\n\n\n<p class=\"has-small-font-size\">SAS au capital de 50 000 000 \u20ac<\/p>\n\n\n\n<p class=\"has-small-font-size\">RCS Lille M\u00e9tropole 424 761 419 00045<br>Code APE 2620Z<br>N\u00b0 TVA : FR 22 424 761 419<br>Si\u00e8ge social : 2 rue Kellermann &#8211; 59100 Roubaix &#8211; France<\/p>\n\n\n\n<p class=\"has-small-font-size\">OVH SAS est une filiale de la soci\u00e9t\u00e9 OVH Groupe SA, soci\u00e9t\u00e9 immatricul\u00e9e au RCS de Lille sous le num\u00e9ro 537 407 926 sise 2, rue Kellermann, 59100 Roubaix.<\/p>\n\n\n\n<p class=\"has-small-font-size\"><\/p>\n\n\n\n<p class=\"has-small-font-size\"><\/p>\n\n\n\n<p><\/p>\n\n\n\n<p class=\"has-normal-font-size\"><strong>La soci\u00e9t\u00e9 H\u00e9b\u00e9<\/strong><\/p>\n\n\n\n<p class=\"has-small-font-size\">SAS au capital social de 1 000 \u20ac<\/p>\n\n\n\n<p class=\"has-small-font-size\">Domiciliation sociale : 34 rue Gioffredo &#8211; 06000 Nice &#8211; France<\/p>\n\n\n\n<p class=\"has-small-font-size\">Num\u00e9ro SIREN : 933660953<\/p>\n\n\n\n<p class=\"has-small-font-size\">Num\u00e9ro TVA : FR07933660953<\/p>\n\n\n\n<p class=\"has-normal-font-size\">Contact :  contact@hebegestion.fr &#8211; 04 83 93 49 80<\/p>\n\n\n\n<p class=\"has-transparent-color has-text-color has-link-color has-normal-font-size wp-elements-6decf50c0e28b4713e285801e692fa7e\" style=\"margin-top:0;margin-right:0;margin-bottom:0;margin-left:0\">google-site-verification: googlef8a6efef92866dba.html<\/p>\n\n\n\n<p><\/p>\n","protected":false},"excerpt":{"rendered":"<p>Le site hebegestion est h\u00e9berg\u00e9 par OVHCloud SAS au capital de 50 000 000 \u20ac RCS Lille M\u00e9tropole 424 761 419 00045Code APE 2620ZN\u00b0 TVA : FR 22 424 761 419Si\u00e8ge social : 2 rue Kellermann &#8211; 59100 Roubaix &#8211; France OVH SAS est une filiale de la soci\u00e9t\u00e9 OVH Groupe SA, soci\u00e9t\u00e9 immatricul\u00e9e au&#8230;<\/p>\n","protected":false},"author":1,"featured_media":0,"parent":0,"menu_order":0,"comment_status":"closed","ping_status":"closed","template":"","meta":{"content-type":"","footnotes":""},"class_list":["post-164","page","type-page","status-publish","hentry"],"_links":{"self":[{"href":"https:\/\/hebegestion.fr\/index.php\/wp-json\/wp\/v2\/pages\/164","targetHints":{"allow":["GET"]}}],"collection":[{"href":"https:\/\/hebegestion.fr\/index.php\/wp-json\/wp\/v2\/pages"}],"about":[{"href":"https:\/\/hebegestion.fr\/index.php\/wp-json\/wp\/v2\/types\/page"}],"author":[{"embeddable":true,"href":"https:\/\/hebegestion.fr\/index.php\/wp-json\/wp\/v2\/users\/1"}],"replies":[{"embeddable":true,"href":"https:\/\/hebegestion.fr\/index.php\/wp-json\/wp\/v2\/comments?post=164"}],"version-history":[{"count":11,"href":"https:\/\/hebegestion.fr\/index.php\/wp-json\/wp\/v2\/pages\/164\/revisions"}],"predecessor-version":[{"id":743,"href":"https:\/\/hebegestion.fr\/index.php\/wp-json\/wp\/v2\/pages\/164\/revisions\/743"}],"wp:attachment":[{"href":"https:\/\/hebegestion.fr\/index.php\/wp-json\/wp\/v2\/media?parent=164"}],"curies":[{"name":"wp","href":"https:\/\/api.w.org\/{rel}","templated":true}]}}