{"id":105,"date":"2024-08-16T13:19:39","date_gmt":"2024-08-16T11:19:39","guid":{"rendered":"https:\/\/hebegestion.fr\/?page_id=105"},"modified":"2024-09-02T16:20:30","modified_gmt":"2024-09-02T14:20:30","slug":"qui-sommes-nous","status":"publish","type":"page","link":"https:\/\/hebegestion.fr\/index.php\/qui-sommes-nous\/","title":{"rendered":"Qui sommes-nous ?"},"content":{"rendered":"\n<p class=\"has-text-align-center has-big-font-size\">Bienvenue chez H\u00e9b\u00e9, votre partenaire de confiance pour toutes vos d\u00e9marches administratives et num\u00e9riques.<\/p>\n\n\n\n<p class=\"has-text-align-center\">Notre entreprise se distingue par son approche humaine et personnalis\u00e9e.<\/p>\n\n\n\n<p>R\u00e9mi et Laura ont pour mission d\u2019aider les particuliers \u00e0 naviguer avec aisance dans le labyrinthe des formalit\u00e9s administratives et des outils num\u00e9riques.<\/p>\n\n\n\n<p>&nbsp;Nous comprenons que ces t\u00e2ches peuvent \u00eatre complexes et chronophages, c\u2019est pourquoi nous mettons notre expertise \u00e0 votre service pour vous offrir une tranquillit\u00e9 d\u2019esprit et vous permettre de vous concentrer sur l\u2019essentiel.<\/p>\n\n\n\n<p class=\"has-text-align-center has-medium-font-size\">\u200bNos Services :&nbsp;<\/p>\n\n\n\n<ul start=\"1\" class=\"wp-block-list has-foreground-color has-text-color has-link-color wp-elements-a0d75c44644bafaf1943d5552b019a27\">\n<li>\u200bD\u00e9marches administratives :\n<ul class=\"wp-block-list\">\n<li>Aide \u00e0 la r\u00e9daction et \u00e0 la gestion de documents officiels<\/li>\n\n\n\n<li>Assistance dans les proc\u00e9dures de demande de subventions et d\u2019aides sociales<\/li>\n\n\n\n<li>Support pour les formalit\u00e9s li\u00e9es \u00e0 l\u2019emploi, la sant\u00e9, le logement et plus encore<\/li>\n<\/ul>\n<\/li>\n\n\n\n<li>Assistance num\u00e9rique :\n<ul class=\"wp-block-list\">\n<li>Initiation et formation aux outils informatiques et internet<\/li>\n\n\n\n<li>Aide \u00e0 la cr\u00e9ation et \u00e0 la gestion de comptes en ligne (services publics, banques, etc.)<\/li>\n\n\n\n<li>S\u00e9curisation de vos donn\u00e9es et protection de votre vie priv\u00e9e en ligne<\/li>\n<\/ul>\n<\/li>\n\n\n\n<li>Mais aussi&nbsp;:\n<ul class=\"wp-block-list\">\n<li>Aide dans le choix et l\u2019organisation de vos d\u00e9placements personnels<\/li>\n\n\n\n<li>R\u00e9f\u00e9rencement de vos espaces en ligne et mise \u00e0 jour r\u00e9guli\u00e8re<\/li>\n\n\n\n<li>Soutien \u00e0 chaque \u00e9tape de votre vie (mariage, naissance\u2026)<\/li>\n<\/ul>\n<\/li>\n<\/ul>\n\n\n\n<p class=\"has-text-align-center has-medium-font-size\">Pourquoi nous choisir ?<\/p>\n\n\n\n<p>\u200b<strong>Exp\u00e9rience et comp\u00e9tence<\/strong> : Avec plusieurs ann\u00e9es d\u2019exp\u00e9rience dans les domaines administratif et num\u00e9rique, nous poss\u00e9dons les comp\u00e9tences n\u00e9cessaires pour r\u00e9pondre \u00e0 vos besoins de mani\u00e8re efficace et rapide.<\/p>\n\n\n\n<p><strong>Approche personnalis\u00e9e<\/strong> : Chaque client est unique, nous nous engageons \u00e0 offrir des solutions sur mesure adapt\u00e9es \u00e0 vos besoins sp\u00e9cifiques et notre champ des possibles est illimit\u00e9.<\/p>\n\n\n\n<p><strong>Disponibilit\u00e9 et r\u00e9activit\u00e9<\/strong> : Nous sommes toujours \u00e0 votre \u00e9coute et pr\u00eats \u00e0 intervenir rapidement pour vous aider \u00e0 r\u00e9soudre vos probl\u00e8mes.<\/p>\n\n\n\n<p><strong>S\u00e9rieux et organisation<\/strong>&nbsp;: Nos proc\u00e9dures pr\u00e9cises ont \u00e9t\u00e9 mises en place et vous garantissent une plus grande satisfaction.<\/p>\n\n\n\n<p>Nous croyons en une soci\u00e9t\u00e9 o\u00f9 chacun peut acc\u00e9der facilement aux services administratifs et num\u00e9riques sans stress ni complications. Notre vision est de d\u00e9mocratiser l\u2019acc\u00e8s \u00e0 ces services en apportant une aide pr\u00e9cieuse et personnalis\u00e9e \u00e0 tous ceux qui en ont besoin.<\/p>\n\n\n\n<p>Avec H\u00e9b\u00e9, nous ne nous contentons pas de vous assister lors de vos d\u00e9marches, nous vous accompagnons pour que vous puissiez \u00e0 terme, si tel est votre souhait, devenir autonome dans la gestion de vos affaires administratives et num\u00e9riques.<\/p>\n\n\n\n<p>N\u2019h\u00e9sitez pas \u00e0 nous contacter pour toute question ou pour prendre rendez-vous. Nous serons ravis de vous rencontrer et de discuter de la meilleure fa\u00e7on de vous aider.<\/p>\n","protected":false},"excerpt":{"rendered":"<p>Bienvenue chez H\u00e9b\u00e9, votre partenaire de confiance pour toutes vos d\u00e9marches administratives et num\u00e9riques. Notre entreprise se distingue par son approche humaine et personnalis\u00e9e. R\u00e9mi et Laura ont pour mission d\u2019aider les particuliers \u00e0 naviguer avec aisance dans le labyrinthe des formalit\u00e9s administratives et des outils num\u00e9riques. &nbsp;Nous comprenons que ces t\u00e2ches peuvent \u00eatre complexes&#8230;<\/p>\n","protected":false},"author":1,"featured_media":74,"parent":0,"menu_order":0,"comment_status":"closed","ping_status":"closed","template":"","meta":{"content-type":"","footnotes":""},"class_list":["post-105","page","type-page","status-publish","has-post-thumbnail","hentry"],"_links":{"self":[{"href":"https:\/\/hebegestion.fr\/index.php\/wp-json\/wp\/v2\/pages\/105","targetHints":{"allow":["GET"]}}],"collection":[{"href":"https:\/\/hebegestion.fr\/index.php\/wp-json\/wp\/v2\/pages"}],"about":[{"href":"https:\/\/hebegestion.fr\/index.php\/wp-json\/wp\/v2\/types\/page"}],"author":[{"embeddable":true,"href":"https:\/\/hebegestion.fr\/index.php\/wp-json\/wp\/v2\/users\/1"}],"replies":[{"embeddable":true,"href":"https:\/\/hebegestion.fr\/index.php\/wp-json\/wp\/v2\/comments?post=105"}],"version-history":[{"count":11,"href":"https:\/\/hebegestion.fr\/index.php\/wp-json\/wp\/v2\/pages\/105\/revisions"}],"predecessor-version":[{"id":528,"href":"https:\/\/hebegestion.fr\/index.php\/wp-json\/wp\/v2\/pages\/105\/revisions\/528"}],"wp:featuredmedia":[{"embeddable":true,"href":"https:\/\/hebegestion.fr\/index.php\/wp-json\/wp\/v2\/media\/74"}],"wp:attachment":[{"href":"https:\/\/hebegestion.fr\/index.php\/wp-json\/wp\/v2\/media?parent=105"}],"curies":[{"name":"wp","href":"https:\/\/api.w.org\/{rel}","templated":true}]}}